{"id":1252,"date":"2023-11-24T10:14:51","date_gmt":"2023-11-24T10:14:51","guid":{"rendered":"https:\/\/minaielaw.com\/ada-disclaimer\/"},"modified":"2025-12-19T11:40:43","modified_gmt":"2025-12-19T11:40:43","slug":"ada-disclaimer","status":"publish","type":"page","link":"https:\/\/minaielaw.com\/es\/aviso-legal-ada\/","title":{"rendered":"Aviso Legal ADA"},"content":{"rendered":"\t\t<div data-elementor-type=\"wp-page\" data-elementor-id=\"1252\" class=\"elementor elementor-1252 elementor-664\" data-elementor-post-type=\"page\">\n\t\t\t\t<div class=\"elementor-element elementor-element-80bb2aa content-part e-flex e-con-boxed e-con e-parent\" data-id=\"80bb2aa\" data-element_type=\"container\" data-e-type=\"container\">\n\t\t\t\t\t<div class=\"e-con-inner\">\n\t\t<div class=\"elementor-element elementor-element-812d640 e-flex e-con-boxed e-con e-child\" data-id=\"812d640\" data-element_type=\"container\" data-e-type=\"container\">\n\t\t\t\t\t<div class=\"e-con-inner\">\n\t\t\t\t<div class=\"elementor-element elementor-element-df49c97 elementor-widget elementor-widget-text-editor\" data-id=\"df49c97\" data-element_type=\"widget\" data-e-type=\"widget\" data-widget_type=\"text-editor.default\">\n\t\t\t\t<div class=\"elementor-widget-container\">\n\t\t\t\t\t\t\t\t\t<h3>Declaraci\u00f3n de Accesibilidad de minaielaw.com<\/h3><p>Actualizado: Mayo de 2019<\/p><h3>General<\/h3><p>minaielaw.com se esfuerza por garantizar que sus servicios sean accesibles para personas con discapacidades.<\/p><h3>Accesibilidad en minaielaw.com<\/h3><p>minaielaw.com pone a disposici\u00f3n el Widget de Accesibilidad del Sitio Web UserWay, que est\u00e1 impulsado por un servidor de accesibilidad dedicado. El software permite a minaielaw.com mejorar su cumplimiento con las Pautas de Accesibilidad de Contenidos Web (WCAG 2.1).<\/p><h3>Activaci\u00f3n del Men\u00fa de Accesibilidad<\/h3><p>El men\u00fa de accesibilidad de minaielaw.com se puede habilitar haciendo clic en el \u00edcono del men\u00fa de accesibilidad que aparece en la esquina de la p\u00e1gina. Despu\u00e9s de activar el men\u00fa de accesibilidad, espere un momento para que el men\u00fa de accesibilidad se cargue por completo.<\/p><h3>Aqu\u00ed Para Usted<\/h3><p>Si tiene dificultades con cualquier contenido en minaielaw.com o necesita ayuda con alguna parte de nuestro sitio, comun\u00edquese con nosotros durante el horario comercial normal como se detalla a continuaci\u00f3n y estaremos encantados de asistirle.<\/p><h3>Cont\u00e1ctenos<\/h3><p>Si desea informar sobre un problema de accesibilidad, tiene alguna pregunta o necesita asistencia, comun\u00edquese con el Soporte al Cliente de minaielaw.com de la siguiente manera:<\/p><p><a class=\"cal-part-94\" href=\"tel:9492367477\">(949) 236-7477<\/a> <a class=\"call-phone-cta-d\" href=\"\/call-recording-disclaimer\/\">Call Recording Disclaimer<\/a> \/ <a class=\"cal-part-61\" href=\"tel:6196256726\">(619) 625-6726<\/a> <a class=\"call-phone-cta-d\" href=\"\/call-recording-disclaimer\/\">Call Recording Disclaimer<\/a> \/ <a class=\"cal-part-90\" href=\"tel:9092649735\">(909) 264-9735<\/a> <a class=\"call-phone-cta-d\" href=\"\/call-recording-disclaimer\/\">Call Recording Disclaimer<\/a> \/ <a class=\"cal-part\" href=\"tel:5102294066\">(510) 229-4066<\/a> <a class=\"call-phone-cta-d\" href=\"\/call-recording-disclaimer\/\">Call Recording Disclaimer<\/a><\/p>\t\t\t\t\t\t\t\t<\/div>\n\t\t\t\t<\/div>\n\t\t\t\t\t<\/div>\n\t\t\t\t<\/div>\n\t\t\t\t\t<\/div>\n\t\t\t\t<\/div>\n\t\t\t\t<\/div>\n\t\t","protected":false},"excerpt":{"rendered":"<p>Declaraci\u00f3n de Accesibilidad de minaielaw.com Actualizado: Mayo de 2019 General minaielaw.com se esfuerza por garantizar que sus servicios sean accesibles para personas con discapacidades. Accesibilidad en minaielaw.com minaielaw.com pone a disposici\u00f3n el Widget de Accesibilidad del Sitio Web UserWay, que est\u00e1 impulsado por un servidor de accesibilidad dedicado. El software permite a minaielaw.com mejorar su [&hellip;]<\/p>\n","protected":false},"author":1,"featured_media":0,"parent":0,"menu_order":0,"comment_status":"closed","ping_status":"closed","template":"","meta":{"footnotes":""},"class_list":["post-1252","page","type-page","status-publish","hentry"],"yoast_head":"<!-- This site is optimized with the Yoast SEO plugin v27.3 - https:\/\/yoast.com\/product\/yoast-seo-wordpress\/ -->\n<title>Minaie Law Group | Workers&#039; Compensation Attorneys - Aviso Legal ADA<\/title>\n<meta name=\"description\" content=\"Our website strives to ensure that its services are accessible to people with disabilities.\" \/>\n<meta name=\"robots\" content=\"index, follow, max-snippet:-1, max-image-preview:large, max-video-preview:-1\" \/>\n<link rel=\"canonical\" href=\"https:\/\/minaielaw.com\/es\/aviso-legal-ada\/\" \/>\n<meta property=\"og:locale\" content=\"es_ES\" \/>\n<meta property=\"og:type\" content=\"article\" \/>\n<meta property=\"og:title\" content=\"Minaie Law Group | Workers&#039; Compensation Attorneys - Aviso Legal ADA\" \/>\n<meta property=\"og:description\" content=\"Our website strives to ensure that its services are accessible to people with disabilities.\" \/>\n<meta property=\"og:url\" content=\"https:\/\/minaielaw.com\/es\/aviso-legal-ada\/\" \/>\n<meta property=\"og:site_name\" content=\"Workers Compensation Attorneys | Minaie Law Group | Personal Injury Attorneys | Southern California\" \/>\n<meta property=\"article:modified_time\" content=\"2025-12-19T11:40:43+00:00\" \/>\n<meta property=\"og:image\" content=\"https:\/\/minaielaw.com\/wp-content\/uploads\/2023\/11\/Minaie-Law-Logo.png\" \/>\n\t<meta property=\"og:image:width\" content=\"1000\" \/>\n\t<meta property=\"og:image:height\" content=\"183\" \/>\n\t<meta property=\"og:image:type\" content=\"image\/png\" \/>\n<meta name=\"twitter:card\" content=\"summary_large_image\" \/>\n<meta name=\"twitter:label1\" content=\"Tiempo de lectura\" \/>\n\t<meta name=\"twitter:data1\" content=\"1 minuto\" \/>\n<script type=\"application\/ld+json\" class=\"yoast-schema-graph\">{\"@context\":\"https:\\\/\\\/schema.org\",\"@graph\":[{\"@type\":\"WebPage\",\"@id\":\"https:\\\/\\\/minaielaw.com\\\/es\\\/aviso-legal-ada\\\/\",\"url\":\"https:\\\/\\\/minaielaw.com\\\/es\\\/aviso-legal-ada\\\/\",\"name\":\"Minaie Law Group | Workers' Compensation Attorneys - Aviso Legal ADA\",\"isPartOf\":{\"@id\":\"https:\\\/\\\/minaielaw.com\\\/es\\\/#website\"},\"datePublished\":\"2023-11-24T10:14:51+00:00\",\"dateModified\":\"2025-12-19T11:40:43+00:00\",\"description\":\"Our website strives to ensure that its services are accessible to people with disabilities.\",\"breadcrumb\":{\"@id\":\"https:\\\/\\\/minaielaw.com\\\/es\\\/aviso-legal-ada\\\/#breadcrumb\"},\"inLanguage\":\"es\",\"potentialAction\":[{\"@type\":\"ReadAction\",\"target\":[\"https:\\\/\\\/minaielaw.com\\\/es\\\/aviso-legal-ada\\\/\"]}]},{\"@type\":\"BreadcrumbList\",\"@id\":\"https:\\\/\\\/minaielaw.com\\\/es\\\/aviso-legal-ada\\\/#breadcrumb\",\"itemListElement\":[{\"@type\":\"ListItem\",\"position\":1,\"name\":\"Home\",\"item\":\"https:\\\/\\\/minaielaw.com\\\/es\\\/\"},{\"@type\":\"ListItem\",\"position\":2,\"name\":\"Aviso Legal ADA\"}]},{\"@type\":\"WebSite\",\"@id\":\"https:\\\/\\\/minaielaw.com\\\/es\\\/#website\",\"url\":\"https:\\\/\\\/minaielaw.com\\\/es\\\/\",\"name\":\"Workers Compensation Attorneys | Minaie Law Group | Personal Injury Attorneys | Southern California\",\"description\":\"\",\"publisher\":{\"@id\":\"https:\\\/\\\/minaielaw.com\\\/es\\\/#organization\"},\"potentialAction\":[{\"@type\":\"SearchAction\",\"target\":{\"@type\":\"EntryPoint\",\"urlTemplate\":\"https:\\\/\\\/minaielaw.com\\\/es\\\/?s={search_term_string}\"},\"query-input\":{\"@type\":\"PropertyValueSpecification\",\"valueRequired\":true,\"valueName\":\"search_term_string\"}}],\"inLanguage\":\"es\"},{\"@type\":\"Organization\",\"@id\":\"https:\\\/\\\/minaielaw.com\\\/es\\\/#organization\",\"name\":\"Workers Compensation Attorneys | Minaie Law Group | Personal Injury Attorneys | Southern California\",\"url\":\"https:\\\/\\\/minaielaw.com\\\/es\\\/\",\"logo\":{\"@type\":\"ImageObject\",\"inLanguage\":\"es\",\"@id\":\"https:\\\/\\\/minaielaw.com\\\/es\\\/#\\\/schema\\\/logo\\\/image\\\/\",\"url\":\"https:\\\/\\\/minaielaw.com\\\/wp-content\\\/uploads\\\/2023\\\/11\\\/Minaie-Law-Logo.png\",\"contentUrl\":\"https:\\\/\\\/minaielaw.com\\\/wp-content\\\/uploads\\\/2023\\\/11\\\/Minaie-Law-Logo.png\",\"width\":1000,\"height\":183,\"caption\":\"Workers Compensation Attorneys | Minaie Law Group | Personal Injury Attorneys | Southern California\"},\"image\":{\"@id\":\"https:\\\/\\\/minaielaw.com\\\/es\\\/#\\\/schema\\\/logo\\\/image\\\/\"}}]}<\/script>\n<!-- \/ Yoast SEO plugin. -->","yoast_head_json":{"title":"Minaie Law Group | Workers' Compensation Attorneys - Aviso Legal ADA","description":"Our website strives to ensure that its services are accessible to people with disabilities.","robots":{"index":"index","follow":"follow","max-snippet":"max-snippet:-1","max-image-preview":"max-image-preview:large","max-video-preview":"max-video-preview:-1"},"canonical":"https:\/\/minaielaw.com\/es\/aviso-legal-ada\/","og_locale":"es_ES","og_type":"article","og_title":"Minaie Law Group | Workers' Compensation Attorneys - Aviso Legal ADA","og_description":"Our website strives to ensure that its services are accessible to people with disabilities.","og_url":"https:\/\/minaielaw.com\/es\/aviso-legal-ada\/","og_site_name":"Workers Compensation Attorneys | Minaie Law Group | Personal Injury Attorneys | Southern California","article_modified_time":"2025-12-19T11:40:43+00:00","og_image":[{"width":1000,"height":183,"url":"https:\/\/minaielaw.com\/wp-content\/uploads\/2023\/11\/Minaie-Law-Logo.png","type":"image\/png"}],"twitter_card":"summary_large_image","twitter_misc":{"Tiempo de lectura":"1 minuto"},"schema":{"@context":"https:\/\/schema.org","@graph":[{"@type":"WebPage","@id":"https:\/\/minaielaw.com\/es\/aviso-legal-ada\/","url":"https:\/\/minaielaw.com\/es\/aviso-legal-ada\/","name":"Minaie Law Group | Workers' Compensation Attorneys - Aviso Legal ADA","isPartOf":{"@id":"https:\/\/minaielaw.com\/es\/#website"},"datePublished":"2023-11-24T10:14:51+00:00","dateModified":"2025-12-19T11:40:43+00:00","description":"Our website strives to ensure that its services are accessible to people with disabilities.","breadcrumb":{"@id":"https:\/\/minaielaw.com\/es\/aviso-legal-ada\/#breadcrumb"},"inLanguage":"es","potentialAction":[{"@type":"ReadAction","target":["https:\/\/minaielaw.com\/es\/aviso-legal-ada\/"]}]},{"@type":"BreadcrumbList","@id":"https:\/\/minaielaw.com\/es\/aviso-legal-ada\/#breadcrumb","itemListElement":[{"@type":"ListItem","position":1,"name":"Home","item":"https:\/\/minaielaw.com\/es\/"},{"@type":"ListItem","position":2,"name":"Aviso Legal ADA"}]},{"@type":"WebSite","@id":"https:\/\/minaielaw.com\/es\/#website","url":"https:\/\/minaielaw.com\/es\/","name":"Workers Compensation Attorneys | Minaie Law Group | Personal Injury Attorneys | Southern California","description":"","publisher":{"@id":"https:\/\/minaielaw.com\/es\/#organization"},"potentialAction":[{"@type":"SearchAction","target":{"@type":"EntryPoint","urlTemplate":"https:\/\/minaielaw.com\/es\/?s={search_term_string}"},"query-input":{"@type":"PropertyValueSpecification","valueRequired":true,"valueName":"search_term_string"}}],"inLanguage":"es"},{"@type":"Organization","@id":"https:\/\/minaielaw.com\/es\/#organization","name":"Workers Compensation Attorneys | Minaie Law Group | Personal Injury Attorneys | Southern California","url":"https:\/\/minaielaw.com\/es\/","logo":{"@type":"ImageObject","inLanguage":"es","@id":"https:\/\/minaielaw.com\/es\/#\/schema\/logo\/image\/","url":"https:\/\/minaielaw.com\/wp-content\/uploads\/2023\/11\/Minaie-Law-Logo.png","contentUrl":"https:\/\/minaielaw.com\/wp-content\/uploads\/2023\/11\/Minaie-Law-Logo.png","width":1000,"height":183,"caption":"Workers Compensation Attorneys | Minaie Law Group | Personal Injury Attorneys | Southern California"},"image":{"@id":"https:\/\/minaielaw.com\/es\/#\/schema\/logo\/image\/"}}]}},"_links":{"self":[{"href":"https:\/\/minaielaw.com\/es\/wp-json\/wp\/v2\/pages\/1252","targetHints":{"allow":["GET"]}}],"collection":[{"href":"https:\/\/minaielaw.com\/es\/wp-json\/wp\/v2\/pages"}],"about":[{"href":"https:\/\/minaielaw.com\/es\/wp-json\/wp\/v2\/types\/page"}],"author":[{"embeddable":true,"href":"https:\/\/minaielaw.com\/es\/wp-json\/wp\/v2\/users\/1"}],"replies":[{"embeddable":true,"href":"https:\/\/minaielaw.com\/es\/wp-json\/wp\/v2\/comments?post=1252"}],"version-history":[{"count":0,"href":"https:\/\/minaielaw.com\/es\/wp-json\/wp\/v2\/pages\/1252\/revisions"}],"wp:attachment":[{"href":"https:\/\/minaielaw.com\/es\/wp-json\/wp\/v2\/media?parent=1252"}],"curies":[{"name":"wp","href":"https:\/\/api.w.org\/{rel}","templated":true}]}}