{"id":1249,"date":"2023-11-24T10:07:49","date_gmt":"2023-11-24T10:07:49","guid":{"rendered":"https:\/\/minaielaw.com\/privacy-policy\/"},"modified":"2025-12-19T11:55:01","modified_gmt":"2025-12-19T11:55:01","slug":"privacy-policy","status":"publish","type":"page","link":"https:\/\/minaielaw.com\/es\/politica-de-privacidad\/","title":{"rendered":"Pol\u00edtica de Privacidad"},"content":{"rendered":"\t\t<div data-elementor-type=\"wp-page\" data-elementor-id=\"1249\" class=\"elementor elementor-1249 elementor-662\" data-elementor-post-type=\"page\">\n\t\t\t\t<div class=\"elementor-element elementor-element-80bb2aa content-part e-flex e-con-boxed e-con e-parent\" data-id=\"80bb2aa\" data-element_type=\"container\" data-e-type=\"container\">\n\t\t\t\t\t<div class=\"e-con-inner\">\n\t\t<div class=\"elementor-element elementor-element-812d640 e-flex e-con-boxed e-con e-child\" data-id=\"812d640\" data-element_type=\"container\" data-e-type=\"container\">\n\t\t\t\t\t<div class=\"e-con-inner\">\n\t\t\t\t<div class=\"elementor-element elementor-element-df49c97 elementor-widget elementor-widget-text-editor\" data-id=\"df49c97\" data-element_type=\"widget\" data-e-type=\"widget\" data-widget_type=\"text-editor.default\">\n\t\t\t\t<div class=\"elementor-widget-container\">\n\t\t\t\t\t\t\t\t\t<p><strong>Estamos comprometidos a proteger la privacidad de los visitantes de nuestro sitio web, por lo que queremos que sepa qu\u00e9 informaci\u00f3n recopilamos cuando visita nuestro sitio y c\u00f3mo la usamos. Seremos claros y transparentes sobre la informaci\u00f3n que estamos recopilando y lo que haremos con esa informaci\u00f3n.<\/strong><\/p><p><strong>Aviso Legal<\/strong><\/p><p>Tomamos todas las precauciones razonables para proteger su informaci\u00f3n porque la seguridad, integridad y confidencialidad de su informaci\u00f3n son extremadamente importantes para nosotros. Hemos implementado medidas de seguridad t\u00e9cnicas, administrativas y f\u00edsicas que est\u00e1n dise\u00f1adas para proteger la informaci\u00f3n contra el acceso, divulgaci\u00f3n, uso y modificaci\u00f3n no autorizados. Revisamos nuestros procedimientos de seguridad para considerar nueva tecnolog\u00eda y m\u00e9todos apropiados. Sin embargo, ninguna medida de seguridad tecnol\u00f3gica es completamente segura o impenetrable y, como tal, no podemos garantizar que tales medidas de seguridad proteger\u00e1n contra la p\u00e9rdida o el uso indebido de su informaci\u00f3n. Adem\u00e1s, no garantizamos la privacidad de ninguna informaci\u00f3n que pueda transmitir a trav\u00e9s de Internet o de otro modo. Conservaremos su informaci\u00f3n personal durante el tiempo necesario para cumplir con el prop\u00f3sito previsto, a menos que se requiera o permita un per\u00edodo de retenci\u00f3n m\u00e1s largo por ley. Toda la informaci\u00f3n contenida en este sitio web est\u00e1 destinada a ser de car\u00e1cter general y no debe utilizarse como sustituto de buscar asesoramiento profesional.<\/p><p><strong>Tipos de Informaci\u00f3n que Recopilamos<\/strong><\/p><p>Podemos recopilar las siguientes categor\u00edas y tipos de informaci\u00f3n (pero no exclusivamente) a partir de su uso de nuestro sitio web o como resultado de su acceso a nuestro sitio web:<\/p><ul><li>Informaci\u00f3n de registro que proporciona cuando crea una cuenta, incluyendo su nombre, direcci\u00f3n, n\u00famero de tel\u00e9fono, g\u00e9nero, fecha de nacimiento, direcci\u00f3n de correo electr\u00f3nico, nombre de usuario y contrase\u00f1a o informaci\u00f3n relacionada o similar.<\/li><li>Informaci\u00f3n transaccional que proporciona cuando solicita informaci\u00f3n o compra un producto o servicio de nosotros, incluyendo, por ejemplo, informaci\u00f3n de tarjeta de cr\u00e9dito, historial de compras, direcci\u00f3n de correo electr\u00f3nico de la cuenta, ya sea en nuestros sitios o a trav\u00e9s de nuestras aplicaciones asociadas, incluyendo su direcci\u00f3n postal, n\u00famero de tel\u00e9fono y otra informaci\u00f3n de pago.<\/li><li>Cualquier informaci\u00f3n que pueda usarse para distinguirlo o rastrearlo a usted y\/o su identidad, ya sea sola o en combinaci\u00f3n con otra informaci\u00f3n personal o de identificaci\u00f3n que est\u00e9 vinculada o sea vinculable a usted.<\/li><li>Informaci\u00f3n que nos proporciona en respuesta a una compra de producto, encuesta, rese\u00f1a, solicitud y\/o participaci\u00f3n en un concurso.<\/li><li>Informaci\u00f3n que proporciona en foros p\u00fablicos en nuestros sitios y\/o aplicaciones.<\/li><li>Informaci\u00f3n enviada de manera individual o dentro de un grupo limitado utilizando nuestra funci\u00f3n de mensajer\u00eda, chat, publicaci\u00f3n o similar, donde la ley nos permita recopilar esta informaci\u00f3n.<\/li><li>Informaci\u00f3n que nos proporciona cuando utiliza nuestros sitios y aplicaciones, nuestras aplicaciones en sitios o plataformas de terceros, como sitios de redes sociales, o vincula su perfil en un sitio o plataforma de terceros con su cuenta de registro.<\/li><li>Informaci\u00f3n de ubicaci\u00f3n cuando visita nuestros sitios o utiliza nuestras aplicaciones, incluyendo la informaci\u00f3n de ubicaci\u00f3n proporcionada por un dispositivo m\u00f3vil que interact\u00faa con uno de nuestros sitios y\/o aplicaciones, o asociada con su direcci\u00f3n IP, donde la ley nos permita procesar esta informaci\u00f3n.<\/li><li>Datos de uso, visualizaci\u00f3n y t\u00e9cnicos, incluyendo, por ejemplo, la URL del sitio desde el cual lleg\u00f3 y el sitio al que va cuando abandona el sitio web, su identificador de dispositivo o direcci\u00f3n IP, as\u00ed como informaci\u00f3n sobre el sistema operativo de su dispositivo y el nombre de su proveedor de servicios de Internet, cuando visita nuestros sitios, utiliza nuestras aplicaciones en sitios o plataformas de terceros o abre correos electr\u00f3nicos que enviamos.<\/li><\/ul><p><strong>C\u00f3mo Recopilamos Informaci\u00f3n<\/strong><\/p><p>Recopilamos la informaci\u00f3n que nos proporciona cuando solicita productos, servicios o informaci\u00f3n de nosotros, se registra con nosotros, participa en foros p\u00fablicos u otras actividades en nuestros sitios y aplicaciones, responde a encuestas de clientes o interact\u00faa de otro modo con nosotros utilizando uno o m\u00e1s dispositivos. Tenga en cuenta que cuando nos proporciona informaci\u00f3n en un sitio o plataforma de terceros (por ejemplo, a trav\u00e9s de nuestras aplicaciones), la informaci\u00f3n que proporciona puede ser recopilada por separado por el sitio o plataforma de terceros. La informaci\u00f3n que recopilamos est\u00e1 cubierta por esta pol\u00edtica de privacidad y la informaci\u00f3n que el sitio o plataforma de terceros recopila est\u00e1 sujeta a las pr\u00e1cticas de privacidad del sitio o plataforma de terceros. Como tal, las opciones de privacidad que haya hecho en el sitio o plataforma de terceros no se aplicar\u00e1n a la informaci\u00f3n que hemos recopilado directamente a trav\u00e9s de nuestras aplicaciones. Sin embargo, puede controlar los tipos de datos personales disponibles en el perfil p\u00fablico de dichos servicios de terceros ajustando la configuraci\u00f3n de privacidad disponible en ellos.<\/p><p>Recopilamos informaci\u00f3n a trav\u00e9s de la tecnolog\u00eda, como cookies, cookies Flash y balizas web, incluyendo cuando visita nuestros sitios y aplicaciones o utiliza nuestras aplicaciones en sitios o plataformas de terceros utilizando uno o m\u00e1s dispositivos. Las cookies son archivos de texto que se guardan en el disco duro de su dispositivo a trav\u00e9s de su navegador, lo que nos permite reconocer su navegador para fines como guardar sus preferencias y dirigirle contenido relevante. La mayor\u00eda de los navegadores disponibles actualmente le dan la opci\u00f3n de gestionar las cookies, por ejemplo, deshabilit\u00e1ndolas por completo, acept\u00e1ndolas individualmente y eliminando las cookies guardadas de su disco duro. Sin embargo, deshabilitar las cookies en su navegador puede resultar en un uso limitado de las funciones de nuestro sitio web.<\/p><p>Google Analytics tambi\u00e9n es una plataforma de terceros que utilizamos para recopilar y almacenar datos como la hora de la visita, las p\u00e1ginas visitadas, el tiempo pasado en cada p\u00e1gina del sitio web, la direcci\u00f3n del Protocolo de Internet y el tipo de sistema operativo utilizado en los dispositivos utilizados para acceder al sitio web. Podemos adquirir informaci\u00f3n de otras fuentes confiables para actualizar o complementar la informaci\u00f3n que proporcion\u00f3 o recopilamos autom\u00e1ticamente.<\/p><p>Adem\u00e1s, la direcci\u00f3n de correo electr\u00f3nico que proporcione se utilizar\u00e1 para rastrear, recopilar y\/o enviar informaci\u00f3n y actualizaciones. Tambi\u00e9n puede ser utilizada para responder a consultas, promociones, anuncios o eventos de la empresa, informaci\u00f3n de productos y servicios y\/o otras solicitudes o preguntas. Si decide optar por nuestra lista de correo, recibir\u00e1 correos electr\u00f3nicos que pueden incluir noticias de la empresa, actualizaciones, informaci\u00f3n de productos o servicios relacionados, etc. Sin embargo, puede, en cualquier momento, darse de baja para no recibir correos electr\u00f3nicos en el futuro, ya que incluimos instrucciones detalladas para cancelar la suscripci\u00f3n al final de cada correo electr\u00f3nico o puede contactarnos a trav\u00e9s de nuestro sitio web.<\/p><p><strong>Compartir Informaci\u00f3n con Terceros y Afiliados<\/strong><\/p><p>No compartimos, vendemos, intercambiamos ni alquilamos generalmente su informaci\u00f3n de identificaci\u00f3n personal a terceros, a menos que usted lo autorice o si alguna autoridad legal o reglamentaci\u00f3n gubernamental lo requiere. Podemos compartir informaci\u00f3n demogr\u00e1fica gen\u00e9rica agregada no vinculada a ninguna informaci\u00f3n de identificaci\u00f3n personal sobre visitantes y usuarios con nuestros socios comerciales, afiliados de confianza y anunciantes. Adem\u00e1s, podemos compartir su informaci\u00f3n personal con nuestras subsidiarias directas y compa\u00f1\u00edas y marcas afiliadas con fines de marketing y an\u00e1lisis. Dicha informaci\u00f3n tambi\u00e9n puede almacenarse o transferirse entre tales entidades.<\/p><p>Tambi\u00e9n podemos utilizar proveedores de servicios de terceros para ayudarnos a operar nuestro negocio y el sitio web o actividades administrativas en nuestro nombre, como procesar pedidos, enviar correos electr\u00f3nicos, boletines o encuestas, analizar listas y datos de clientes, proporcionar asistencia de marketing o servicios de consultor\u00eda. Estos terceros tendr\u00e1n acceso a la informaci\u00f3n necesaria para realizar sus funciones, pero no pueden utilizar esa informaci\u00f3n para ning\u00fan otro prop\u00f3sito. Adem\u00e1s, en ciertas circunstancias limitadas, podemos compartir su informaci\u00f3n personal con terceros en relaci\u00f3n con la venta de un negocio o activos espec\u00edficos relacionados, para hacer cumplir nuestros t\u00e9rminos de uso, para garantizar la seguridad y protecci\u00f3n de nuestros clientes y\/o terceros, para proteger nuestros derechos y propiedades y los derechos y propiedades de los clientes y terceros, para cumplir con procesos legales o en otros casos si creemos de buena fe que la divulgaci\u00f3n es requerida por ley.<\/p><p><strong>Transferencia de Activos Empresariales<\/strong><\/p><p>En el caso de que vendamos nuestro negocio o cualquier activo relacionado mediante una adquisici\u00f3n o fusi\u00f3n, o si nos afiliamos con cualquier otra persona o entidad, cualquier informaci\u00f3n del cliente que poseamos o est\u00e9 bajo nuestro control puede ser uno de los activos transferidos. Como tal, su informaci\u00f3n personal puede estar sujeta a dicha transacci\u00f3n.<\/p><p><strong>Enlaces a Sitios Externos o de Terceros<\/strong><\/p><p>Puede encontrar publicidad u otro contenido en nuestro sitio que enlace a los sitios y servicios de nuestros socios, proveedores, anunciantes, patrocinadores, licenciatarios y otros terceros. No controlamos el contenido o los enlaces que aparecen en estos sitios y no somos responsables de las pr\u00e1cticas empleadas por sitios web vinculados a o desde nuestro sitio web. Adem\u00e1s, estos sitios o servicios, incluidos su contenido y enlaces, pueden cambiar constantemente. Estos sitios y servicios pueden tener sus propias pol\u00edticas de privacidad y pol\u00edticas de servicio al cliente. La navegaci\u00f3n e interacci\u00f3n en cualquier otro sitio web, incluidos los sitios web que tienen un enlace a nuestro sitio web, est\u00e1n sujetos a los propios t\u00e9rminos y pol\u00edticas de ese sitio web.<\/p><p><strong>Actualizaciones<\/strong><\/p><p>Podemos actualizar esta pol\u00edtica de privacidad en cualquier momento. Cuando lo hagamos, revisaremos la fecha actualizada de esta p\u00e1gina. Le recomendamos que consulte frecuentemente esta p\u00e1gina para cualquier cambio para mantenerse informado sobre c\u00f3mo estamos ayudando a proteger la informaci\u00f3n personal que recopilamos. Usted reconoce y acepta que es su responsabilidad revisar esta pol\u00edtica de privacidad peri\u00f3dicamente y estar al tanto de las modificaciones, y su uso continuo del sitio despu\u00e9s de la publicaci\u00f3n de los cambios en esta pol\u00edtica se considerar\u00e1 como su aceptaci\u00f3n de esos cambios.<\/p><p><strong>Suplemento de Privacidad para Residentes de California<\/strong><\/p><p>Es posible que tenga ciertos derechos adicionales relacionados con la privacidad si es residente de California.<\/p><p>El C\u00f3digo Civil de California \u00a71798.83 le permite solicitar informaci\u00f3n sobre la divulgaci\u00f3n de su informaci\u00f3n personal por parte nuestra a terceros para fines de marketing directo de terceros. Llame al <a class=\"cal-part-94\" href=\"tel:9492367477\">(949) 236-7477<\/a> <a class=\"call-phone-cta-d\" href=\"\/call-recording-disclaimer\/\">Call Recording Disclaimer<\/a> \/ <a class=\"cal-part-61\" href=\"tel:6196256726\">(619) 625-6726<\/a> <a class=\"call-phone-cta-d\" href=\"\/call-recording-disclaimer\/\">Call Recording Disclaimer<\/a> \/ <a class=\"cal-part-90\" href=\"tel:9092649735\">(909) 264-9735<\/a> <a class=\"call-phone-cta-d\" href=\"\/call-recording-disclaimer\/\">Call Recording Disclaimer<\/a> \/ <a class=\"cal-part\" href=\"tel:5102294066\">(510) 229-4066<\/a> <a class=\"call-phone-cta-d\" href=\"\/call-recording-disclaimer\/\">Call Recording Disclaimer<\/a> o escr\u00edbanos a:<\/p><p><strong>Minaie Law Group<\/strong><\/p><p>Atenci\u00f3n: Informaci\u00f3n Solicitada de Derechos de Privacidad de CA<\/p><p><strong>34 Executive Park,<br \/>Suite 250,<br \/>Irvine, CA 92614<\/strong><\/p><p>Si es residente de California y menor de 18 a\u00f1os, y un usuario registrado de cualquier sitio donde se publique esta pol\u00edtica, el C\u00f3digo de Negocios y Profesiones de California \u00a722581 le permite solicitar y obtener la eliminaci\u00f3n de contenido o informaci\u00f3n que haya publicado p\u00fablicamente. Para realizar dicha solicitud, env\u00ede una descripci\u00f3n detallada del contenido o informaci\u00f3n espec\u00edfica a la direcci\u00f3n anterior. Sin embargo, dicha solicitud no garantiza la eliminaci\u00f3n total del contenido o informaci\u00f3n que ha publicado y que puede haber circunstancias en las que la ley no requiere o permite la eliminaci\u00f3n, incluso si se solicita.<\/p><p><strong>Preguntas o Comentarios<\/strong><\/p><p>Si cree que no estamos cumpliendo con esta pol\u00edtica de privacidad o tiene alguna pregunta sobre estas pol\u00edticas, comun\u00edquese con nosotros por tel\u00e9fono al <a class=\"cal-part-94\" href=\"tel:9492367477\">(949) 236-7477<\/a> <a class=\"call-phone-cta-d\" href=\"\/call-recording-disclaimer\/\">Call Recording Disclaimer<\/a> \/ <a class=\"cal-part-61\" href=\"tel:6196256726\">(619) 625-6726<\/a> <a class=\"call-phone-cta-d\" href=\"\/call-recording-disclaimer\/\">Call Recording Disclaimer<\/a> \/ <a class=\"cal-part-90\" href=\"tel:9092649735\">(909) 264-9735<\/a> <a class=\"call-phone-cta-d\" href=\"\/call-recording-disclaimer\/\">Call Recording Disclaimer<\/a> \/ <a class=\"cal-part\" href=\"tel:5102294066\">(510) 229-4066<\/a> <a class=\"call-phone-cta-d\" href=\"\/call-recording-disclaimer\/\">Call Recording Disclaimer<\/a>.<\/p>\t\t\t\t\t\t\t\t<\/div>\n\t\t\t\t<\/div>\n\t\t\t\t\t<\/div>\n\t\t\t\t<\/div>\n\t\t\t\t\t<\/div>\n\t\t\t\t<\/div>\n\t\t\t\t<\/div>\n\t\t","protected":false},"excerpt":{"rendered":"<p>Estamos comprometidos a proteger la privacidad de los visitantes de nuestro sitio web, por lo que queremos que sepa qu\u00e9 informaci\u00f3n recopilamos cuando visita nuestro sitio y c\u00f3mo la usamos. Seremos claros y transparentes sobre la informaci\u00f3n que estamos recopilando y lo que haremos con esa informaci\u00f3n. Aviso Legal Tomamos todas las precauciones razonables para [&hellip;]<\/p>\n","protected":false},"author":1,"featured_media":0,"parent":0,"menu_order":0,"comment_status":"closed","ping_status":"closed","template":"","meta":{"footnotes":""},"class_list":["post-1249","page","type-page","status-publish","hentry"],"yoast_head":"<!-- This site is optimized with the Yoast SEO plugin v27.6 - https:\/\/yoast.com\/product\/yoast-seo-wordpress\/ -->\n<title>Minaie Law Group | Workers&#039; Compensation Attorneys - Pol\u00edtica de Privacidad<\/title>\n<meta name=\"description\" content=\"We are committed to protecting the privacy of visitors to our website, so we want you to know what information we collect when you visit our site and how we use it. We will be clear and transparent about the information we are collecting and what we will do with that information.\" \/>\n<meta name=\"robots\" content=\"index, follow, max-snippet:-1, max-image-preview:large, max-video-preview:-1\" \/>\n<link rel=\"canonical\" href=\"https:\/\/minaielaw.com\/es\/politica-de-privacidad\/\" \/>\n<meta property=\"og:locale\" content=\"es_ES\" \/>\n<meta property=\"og:type\" content=\"article\" \/>\n<meta property=\"og:title\" content=\"Minaie Law Group | Workers&#039; Compensation Attorneys - Pol\u00edtica de Privacidad\" \/>\n<meta property=\"og:description\" content=\"We are committed to protecting the privacy of visitors to our website, so we want you to know what information we collect when you visit our site and how we use it. We will be clear and transparent about the information we are collecting and what we will do with that information.\" \/>\n<meta property=\"og:url\" content=\"https:\/\/minaielaw.com\/es\/politica-de-privacidad\/\" \/>\n<meta property=\"og:site_name\" content=\"Workers Compensation Attorneys | Minaie Law Group | Personal Injury Attorneys | Southern California\" \/>\n<meta property=\"article:modified_time\" content=\"2025-12-19T11:55:01+00:00\" \/>\n<meta property=\"og:image\" content=\"https:\/\/minaielaw.com\/wp-content\/uploads\/2023\/11\/Minaie-Law-Logo.png\" \/>\n\t<meta property=\"og:image:width\" content=\"1000\" \/>\n\t<meta property=\"og:image:height\" content=\"183\" \/>\n\t<meta property=\"og:image:type\" content=\"image\/png\" \/>\n<meta name=\"twitter:card\" content=\"summary_large_image\" \/>\n<meta name=\"twitter:label1\" content=\"Tiempo de lectura\" \/>\n\t<meta name=\"twitter:data1\" content=\"9 minutos\" \/>\n<script type=\"application\/ld+json\" class=\"yoast-schema-graph\">{\"@context\":\"https:\\\/\\\/schema.org\",\"@graph\":[{\"@type\":\"WebPage\",\"@id\":\"https:\\\/\\\/minaielaw.com\\\/es\\\/politica-de-privacidad\\\/\",\"url\":\"https:\\\/\\\/minaielaw.com\\\/es\\\/politica-de-privacidad\\\/\",\"name\":\"Minaie Law Group | Workers' Compensation Attorneys - Pol\u00edtica de Privacidad\",\"isPartOf\":{\"@id\":\"https:\\\/\\\/minaielaw.com\\\/es\\\/#website\"},\"datePublished\":\"2023-11-24T10:07:49+00:00\",\"dateModified\":\"2025-12-19T11:55:01+00:00\",\"description\":\"We are committed to protecting the privacy of visitors to our website, so we want you to know what information we collect when you visit our site and how we use it. We will be clear and transparent about the information we are collecting and what we will do with that information.\",\"breadcrumb\":{\"@id\":\"https:\\\/\\\/minaielaw.com\\\/es\\\/politica-de-privacidad\\\/#breadcrumb\"},\"inLanguage\":\"es\",\"potentialAction\":[{\"@type\":\"ReadAction\",\"target\":[\"https:\\\/\\\/minaielaw.com\\\/es\\\/politica-de-privacidad\\\/\"]}]},{\"@type\":\"BreadcrumbList\",\"@id\":\"https:\\\/\\\/minaielaw.com\\\/es\\\/politica-de-privacidad\\\/#breadcrumb\",\"itemListElement\":[{\"@type\":\"ListItem\",\"position\":1,\"name\":\"Home\",\"item\":\"https:\\\/\\\/minaielaw.com\\\/es\\\/\"},{\"@type\":\"ListItem\",\"position\":2,\"name\":\"Pol\u00edtica de Privacidad\"}]},{\"@type\":\"WebSite\",\"@id\":\"https:\\\/\\\/minaielaw.com\\\/es\\\/#website\",\"url\":\"https:\\\/\\\/minaielaw.com\\\/es\\\/\",\"name\":\"Workers Compensation Attorneys | Minaie Law Group | Personal Injury Attorneys | Southern California\",\"description\":\"\",\"publisher\":{\"@id\":\"https:\\\/\\\/minaielaw.com\\\/es\\\/#organization\"},\"potentialAction\":[{\"@type\":\"SearchAction\",\"target\":{\"@type\":\"EntryPoint\",\"urlTemplate\":\"https:\\\/\\\/minaielaw.com\\\/es\\\/?s={search_term_string}\"},\"query-input\":{\"@type\":\"PropertyValueSpecification\",\"valueRequired\":true,\"valueName\":\"search_term_string\"}}],\"inLanguage\":\"es\"},{\"@type\":\"Organization\",\"@id\":\"https:\\\/\\\/minaielaw.com\\\/es\\\/#organization\",\"name\":\"Workers Compensation Attorneys | Minaie Law Group | Personal Injury Attorneys | Southern California\",\"url\":\"https:\\\/\\\/minaielaw.com\\\/es\\\/\",\"logo\":{\"@type\":\"ImageObject\",\"inLanguage\":\"es\",\"@id\":\"https:\\\/\\\/minaielaw.com\\\/es\\\/#\\\/schema\\\/logo\\\/image\\\/\",\"url\":\"https:\\\/\\\/minaielaw.com\\\/wp-content\\\/uploads\\\/2023\\\/11\\\/Minaie-Law-Logo.png\",\"contentUrl\":\"https:\\\/\\\/minaielaw.com\\\/wp-content\\\/uploads\\\/2023\\\/11\\\/Minaie-Law-Logo.png\",\"width\":1000,\"height\":183,\"caption\":\"Workers Compensation Attorneys | Minaie Law Group | Personal Injury Attorneys | Southern California\"},\"image\":{\"@id\":\"https:\\\/\\\/minaielaw.com\\\/es\\\/#\\\/schema\\\/logo\\\/image\\\/\"}}]}<\/script>\n<!-- \/ Yoast SEO plugin. -->","yoast_head_json":{"title":"Minaie Law Group | Workers' Compensation Attorneys - Pol\u00edtica de Privacidad","description":"We are committed to protecting the privacy of visitors to our website, so we want you to know what information we collect when you visit our site and how we use it. We will be clear and transparent about the information we are collecting and what we will do with that information.","robots":{"index":"index","follow":"follow","max-snippet":"max-snippet:-1","max-image-preview":"max-image-preview:large","max-video-preview":"max-video-preview:-1"},"canonical":"https:\/\/minaielaw.com\/es\/politica-de-privacidad\/","og_locale":"es_ES","og_type":"article","og_title":"Minaie Law Group | Workers' Compensation Attorneys - Pol\u00edtica de Privacidad","og_description":"We are committed to protecting the privacy of visitors to our website, so we want you to know what information we collect when you visit our site and how we use it. We will be clear and transparent about the information we are collecting and what we will do with that information.","og_url":"https:\/\/minaielaw.com\/es\/politica-de-privacidad\/","og_site_name":"Workers Compensation Attorneys | Minaie Law Group | Personal Injury Attorneys | Southern California","article_modified_time":"2025-12-19T11:55:01+00:00","og_image":[{"width":1000,"height":183,"url":"https:\/\/minaielaw.com\/wp-content\/uploads\/2023\/11\/Minaie-Law-Logo.png","type":"image\/png"}],"twitter_card":"summary_large_image","twitter_misc":{"Tiempo de lectura":"9 minutos"},"schema":{"@context":"https:\/\/schema.org","@graph":[{"@type":"WebPage","@id":"https:\/\/minaielaw.com\/es\/politica-de-privacidad\/","url":"https:\/\/minaielaw.com\/es\/politica-de-privacidad\/","name":"Minaie Law Group | Workers' Compensation Attorneys - Pol\u00edtica de Privacidad","isPartOf":{"@id":"https:\/\/minaielaw.com\/es\/#website"},"datePublished":"2023-11-24T10:07:49+00:00","dateModified":"2025-12-19T11:55:01+00:00","description":"We are committed to protecting the privacy of visitors to our website, so we want you to know what information we collect when you visit our site and how we use it. We will be clear and transparent about the information we are collecting and what we will do with that information.","breadcrumb":{"@id":"https:\/\/minaielaw.com\/es\/politica-de-privacidad\/#breadcrumb"},"inLanguage":"es","potentialAction":[{"@type":"ReadAction","target":["https:\/\/minaielaw.com\/es\/politica-de-privacidad\/"]}]},{"@type":"BreadcrumbList","@id":"https:\/\/minaielaw.com\/es\/politica-de-privacidad\/#breadcrumb","itemListElement":[{"@type":"ListItem","position":1,"name":"Home","item":"https:\/\/minaielaw.com\/es\/"},{"@type":"ListItem","position":2,"name":"Pol\u00edtica de Privacidad"}]},{"@type":"WebSite","@id":"https:\/\/minaielaw.com\/es\/#website","url":"https:\/\/minaielaw.com\/es\/","name":"Workers Compensation Attorneys | Minaie Law Group | Personal Injury Attorneys | Southern California","description":"","publisher":{"@id":"https:\/\/minaielaw.com\/es\/#organization"},"potentialAction":[{"@type":"SearchAction","target":{"@type":"EntryPoint","urlTemplate":"https:\/\/minaielaw.com\/es\/?s={search_term_string}"},"query-input":{"@type":"PropertyValueSpecification","valueRequired":true,"valueName":"search_term_string"}}],"inLanguage":"es"},{"@type":"Organization","@id":"https:\/\/minaielaw.com\/es\/#organization","name":"Workers Compensation Attorneys | Minaie Law Group | Personal Injury Attorneys | Southern California","url":"https:\/\/minaielaw.com\/es\/","logo":{"@type":"ImageObject","inLanguage":"es","@id":"https:\/\/minaielaw.com\/es\/#\/schema\/logo\/image\/","url":"https:\/\/minaielaw.com\/wp-content\/uploads\/2023\/11\/Minaie-Law-Logo.png","contentUrl":"https:\/\/minaielaw.com\/wp-content\/uploads\/2023\/11\/Minaie-Law-Logo.png","width":1000,"height":183,"caption":"Workers Compensation Attorneys | Minaie Law Group | Personal Injury Attorneys | Southern California"},"image":{"@id":"https:\/\/minaielaw.com\/es\/#\/schema\/logo\/image\/"}}]}},"_links":{"self":[{"href":"https:\/\/minaielaw.com\/es\/wp-json\/wp\/v2\/pages\/1249","targetHints":{"allow":["GET"]}}],"collection":[{"href":"https:\/\/minaielaw.com\/es\/wp-json\/wp\/v2\/pages"}],"about":[{"href":"https:\/\/minaielaw.com\/es\/wp-json\/wp\/v2\/types\/page"}],"author":[{"embeddable":true,"href":"https:\/\/minaielaw.com\/es\/wp-json\/wp\/v2\/users\/1"}],"replies":[{"embeddable":true,"href":"https:\/\/minaielaw.com\/es\/wp-json\/wp\/v2\/comments?post=1249"}],"version-history":[{"count":0,"href":"https:\/\/minaielaw.com\/es\/wp-json\/wp\/v2\/pages\/1249\/revisions"}],"wp:attachment":[{"href":"https:\/\/minaielaw.com\/es\/wp-json\/wp\/v2\/media?parent=1249"}],"curies":[{"name":"wp","href":"https:\/\/api.w.org\/{rel}","templated":true}]}}