{"id":1238,"date":"2023-11-07T13:21:01","date_gmt":"2023-11-07T13:21:01","guid":{"rendered":"https:\/\/minaielaw.com\/our-team\/"},"modified":"2025-08-18T05:53:14","modified_gmt":"2025-08-18T05:53:14","slug":"our-team","status":"publish","type":"page","link":"https:\/\/minaielaw.com\/es\/nuestro-equipo\/","title":{"rendered":"Nuestro Equipo"},"content":{"rendered":"\t\t<div data-elementor-type=\"wp-page\" data-elementor-id=\"1238\" class=\"elementor elementor-1238 elementor-131\" data-elementor-post-type=\"page\">\n\t\t\t\t<div class=\"elementor-element elementor-element-4c44be6e e-flex e-con-boxed e-con e-parent\" data-id=\"4c44be6e\" data-element_type=\"container\" data-e-type=\"container\" data-settings=\"{&quot;background_background&quot;:&quot;classic&quot;}\">\n\t\t\t\t\t<div class=\"e-con-inner\">\n\t\t<div class=\"elementor-element elementor-element-5899dcfe e-flex e-con-boxed e-con e-child\" data-id=\"5899dcfe\" data-element_type=\"container\" data-e-type=\"container\">\n\t\t\t\t\t<div class=\"e-con-inner\">\n\t\t\t\t<div class=\"elementor-element elementor-element-260753f m-zero elementor-widget elementor-widget-heading\" data-id=\"260753f\" data-element_type=\"widget\" data-e-type=\"widget\" data-widget_type=\"heading.default\">\n\t\t\t\t<div class=\"elementor-widget-container\">\n\t\t\t\t\t<div class=\"elementor-heading-title elementor-size-default\">Conozca a Nuestros Abogados<\/div>\t\t\t\t<\/div>\n\t\t\t\t<\/div>\n\t\t\t\t<div class=\"elementor-element elementor-element-2d20541f elementor-widget-divider--view-line elementor-widget elementor-widget-divider\" data-id=\"2d20541f\" data-element_type=\"widget\" data-e-type=\"widget\" data-widget_type=\"divider.default\">\n\t\t\t\t<div class=\"elementor-widget-container\">\n\t\t\t\t\t\t\t<div class=\"elementor-divider\">\n\t\t\t<span class=\"elementor-divider-separator\">\n\t\t\t\t\t\t<\/span>\n\t\t<\/div>\n\t\t\t\t\t\t<\/div>\n\t\t\t\t<\/div>\n\t\t\t\t<div class=\"elementor-element elementor-element-52ba60d5 elementor-widget elementor-widget-text-editor\" data-id=\"52ba60d5\" data-element_type=\"widget\" data-e-type=\"widget\" data-widget_type=\"text-editor.default\">\n\t\t\t\t<div class=\"elementor-widget-container\">\n\t\t\t\t\t\t\t\t\t<p>En Minaie Law Group, nuestros abogados de compensaci\u00f3n laboral del sur de California representan a cada cliente con pasi\u00f3n y dignidad. Tenga la seguridad de que no solo lucharemos por sus derechos, sino que tambi\u00e9n le proporcionaremos informaci\u00f3n honesta sobre lo que puede esperar durante todo el proceso con nuestros abogados de compensaci\u00f3n laboral y de lesiones personales.<\/p>\t\t\t\t\t\t\t\t<\/div>\n\t\t\t\t<\/div>\n\t\t\t\t\t<\/div>\n\t\t\t\t<\/div>\n\t\t<div class=\"elementor-element elementor-element-6092f7f1 e-con-full e-flex e-con e-child\" data-id=\"6092f7f1\" data-element_type=\"container\" data-e-type=\"container\">\n\t\t\t\t<div class=\"elementor-element elementor-element-33f80fb team-member-boxes unlink-m elementor-widget elementor-widget-ucaddon_team_member_grid\" data-id=\"33f80fb\" data-element_type=\"widget\" data-e-type=\"widget\" data-widget_type=\"ucaddon_team_member_grid.default\">\n\t\t\t\t<div class=\"elementor-widget-container\">\n\t\t\t\t\t\n<!-- start Team Member Grid -->\n\t\t<link id='font-awesome-css' href='https:\/\/minaielaw.com\/wp-content\/plugins\/unlimited-elements-for-elementor-premium\/assets_libraries\/font-awesome6\/fontawesome-all.min.css' type='text\/css' rel='stylesheet' >\n\t\t<link id='font-awesome-4-shim-css' href='https:\/\/minaielaw.com\/wp-content\/plugins\/unlimited-elements-for-elementor-premium\/assets_libraries\/font-awesome6\/fontawesome-v4-shims.min.css' type='text\/css' rel='stylesheet' >\n\n<style>\/* widget: Team Member Grid *\/\n\n\n\n#uc_team_member_grid_elementor_33f80fb *{\n  box-sizing:border-box;\n}\n#uc_team_member_grid_elementor_33f80fb\n{\n  position:relative;\n  display:grid;\n}\n\n\n#uc_team_member_grid_elementor_33f80fb .team_member_grid_image_container\n{\n  display:inline-block;\n  overflow:hidden;\n  position:relative;\n  vertical-align:bottom;\n}\n\n\n#uc_team_member_grid_elementor_33f80fb .team_member_grid_image\n{\n  vertical-align:bottom;\n}\n\n#uc_team_member_grid_elementor_33f80fb .team_member_grid_image img\n{\n  object-fit:cover;\n  width:100%;\n  display:block;\n  transition:0.5s;\n  vertical-align:bottom;\n}\n#uc_team_member_grid_elementor_33f80fb .ue_grid_item\n{\n  overflow:hidden;\n  display:flex;\n  flex-direction:column;\n\n}\n.team_member_grid_title\n{\n  font-size:18px;\n}\n\n#uc_team_member_grid_elementor_33f80fb .team_member_grid_icons a\n{\n  display:inline-flex;\n  text-decoration:none;\n  align-items:center;\n  justify-content:center;\n  line-height:1em;\n  transition:0.3s;\n}\n\n#uc_team_member_grid_elementor_33f80fb .team_member_grid_icons a svg\n{\n  width:1em;\n  height:1em;\n}\n\n#uc_team_member_grid_elementor_33f80fb .uc_more_btn\n{\n  transition:0.3s;\n  text-align:center;\n  text-decoration:none;\n}\n\n#uc_team_member_grid_elementor_33f80fb .team_member_grid_image_overlay\n{\n  position:absolute;\n  top:0;\n  left:0;\n  transition:0.3s;\n  display:flex;\n  flex-direction:column;\n  justify-content:center;\n  align-items:center;\n}\n\n#uc_team_member_grid_elementor_33f80fb .team_member_grid_content\n{\n  display:flex;\n  flex-direction:column;\n  flex-grow: 1;\n}\n\n\n#uc_team_member_grid_elementor_33f80fb .team_member_grid_content .team_member_grid_text\n{\nflex-grow: 1;\n}\n\n#uc_team_member_grid_elementor_33f80fb .team_member_grid_content .team_member_grid_icons\n{\n  margin-top:auto;\n}\n\n#uc_team_member_grid_elementor_33f80fb .ue-company-logo img\n{\n  width:100%;\n}\n\n<\/style>\n\n<div id=\"uc_team_member_grid_elementor_33f80fb\" class=\"team_member_grid uc-items-wrapper  \" >\n   \t\t<div class=\"ue_grid_item\">\n  <div class=\"team_member_grid_header\">\n    <div class=\"team_member_grid_image\">\n     <div class=\"team_member_grid_image_container\">\n       <img fetchpriority=\"high\" decoding=\"async\" src=\"https:\/\/minaielaw.com\/wp-content\/uploads\/2023\/11\/Ashkan-Minaie-Thumb.jpg\" alt=\"Ashkan-Minaie\"  src=\"https:\/\/minaielaw.com\/wp-content\/uploads\/2023\/11\/Ashkan-Minaie-Thumb.jpg\" alt=\"Ashkan-Minaie\" width=\"1159\" height=\"1284\">\n       <div class=\"team_member_grid_image_overlay\">\n         \t\n         \t\n    \n                <\/div>\n     <\/div>\n    <\/div>\n    \t\n  \t\n    \n    \n    \n  <\/div>\n  \n  <div class=\"team_member_grid_content\">\n  <div class=\"team_member_grid_content_brd\">\n        \n    <div class=\"team_member_grid_title\"><a href=\"#\">Ashkan Minaie, Esq.<\/a><\/div>\t\n    <div class=\"team_member_grid_subtitle\">Workers' Compensation, <br>Personal Injury, <br>Real Estate<\/div>        \n    \n    \t\n        \n      <\/div><\/div>\n<\/div>\n<div class=\"ue_grid_item\">\n  <div class=\"team_member_grid_header\">\n    <div class=\"team_member_grid_image\">\n     <div class=\"team_member_grid_image_container\">\n       <img decoding=\"async\" src=\"https:\/\/minaielaw.com\/wp-content\/uploads\/2023\/11\/Anna-Batanero-Thumb.jpg\" alt=\"Anna-Batanero\"  src=\"https:\/\/minaielaw.com\/wp-content\/uploads\/2023\/11\/Anna-Batanero-Thumb.jpg\" alt=\"Anna-Batanero\" width=\"1159\" height=\"1284\">\n       <div class=\"team_member_grid_image_overlay\">\n         \t\n         \t\n    \n                <\/div>\n     <\/div>\n    <\/div>\n    \t\n  \t\n    \n    \n    \n  <\/div>\n  \n  <div class=\"team_member_grid_content\">\n  <div class=\"team_member_grid_content_brd\">\n        \n    <div class=\"team_member_grid_title\"><a href=\"#\">Anna Batanero, Esq.<\/a><\/div>\t\n    <div class=\"team_member_grid_subtitle\">Workers\u2019 Compensation, \u201cCertified Specialist in Worker\u2019s Compensation\u201d<\/div>        \n    \n    \t\n        \n      <\/div><\/div>\n<\/div>\n<div class=\"ue_grid_item\">\n  <div class=\"team_member_grid_header\">\n    <div class=\"team_member_grid_image\">\n     <div class=\"team_member_grid_image_container\">\n       <img decoding=\"async\" src=\"https:\/\/minaielaw.com\/wp-content\/uploads\/2023\/11\/Miranda-Condra-Thumb.jpg\" alt=\"Miranda-Condra\"  src=\"https:\/\/minaielaw.com\/wp-content\/uploads\/2023\/11\/Miranda-Condra-Thumb.jpg\" alt=\"Miranda-Condra\" width=\"1159\" height=\"1284\">\n       <div class=\"team_member_grid_image_overlay\">\n         \t\n         \t\n    \n                <\/div>\n     <\/div>\n    <\/div>\n    \t\n  \t\n    \n    \n    \n  <\/div>\n  \n  <div class=\"team_member_grid_content\">\n  <div class=\"team_member_grid_content_brd\">\n        \n    <div class=\"team_member_grid_title\"><a href=\"#\">Miranda Condra, Esq.<\/a><\/div>\t\n    <div class=\"team_member_grid_subtitle\">Workers\u2019 Compensation, Personal Injury (Mainly in San Diego)<\/div>        \n    \n    \t\n        \n      <\/div><\/div>\n<\/div>\n<div class=\"ue_grid_item\">\n  <div class=\"team_member_grid_header\">\n    <div class=\"team_member_grid_image\">\n     <div class=\"team_member_grid_image_container\">\n       <img loading=\"lazy\" decoding=\"async\" src=\"https:\/\/minaielaw.com\/wp-content\/uploads\/2023\/11\/Richard-Petrow-Thumb.jpg\" alt=\"Richard-Petrow\"  src=\"https:\/\/minaielaw.com\/wp-content\/uploads\/2023\/11\/Richard-Petrow-Thumb.jpg\" alt=\"Richard-Petrow\" width=\"1159\" height=\"1284\">\n       <div class=\"team_member_grid_image_overlay\">\n         \t\n         \t\n    \n                <\/div>\n     <\/div>\n    <\/div>\n    \t\n  \t\n    \n    \n    \n  <\/div>\n  \n  <div class=\"team_member_grid_content\">\n  <div class=\"team_member_grid_content_brd\">\n        \n    <div class=\"team_member_grid_title\"><a href=\"#\">Richard Petrow, Esq.<\/a><\/div>\t\n    <div class=\"team_member_grid_subtitle\">Workers\u2019 Compensation (Mostly in the Bay Area)<\/div>        \n    \n    \t\n        \n      <\/div><\/div>\n<\/div>\n<div class=\"ue_grid_item\">\n  <div class=\"team_member_grid_header\">\n    <div class=\"team_member_grid_image\">\n     <div class=\"team_member_grid_image_container\">\n       <img loading=\"lazy\" decoding=\"async\" src=\"https:\/\/minaielaw.com\/wp-content\/uploads\/2023\/12\/Massoumeh-Kharazmi-Esq-Thumb.jpg\" alt=\"Massoumeh-Kharazmi,-Esq\"  src=\"https:\/\/minaielaw.com\/wp-content\/uploads\/2023\/12\/Massoumeh-Kharazmi-Esq-Thumb.jpg\" alt=\"Massoumeh-Kharazmi,-Esq\" width=\"1159\" height=\"1284\">\n       <div class=\"team_member_grid_image_overlay\">\n         \t\n         \t\n    \n                <\/div>\n     <\/div>\n    <\/div>\n    \t\n  \t\n    \n    \n    \n  <\/div>\n  \n  <div class=\"team_member_grid_content\">\n  <div class=\"team_member_grid_content_brd\">\n        \n    <div class=\"team_member_grid_title\"><a href=\"#\">Massoumeh Kharazmi, Esq.<\/a><\/div>\t\n    <div class=\"team_member_grid_subtitle\">Workers\u2019 Compensation; Personal Injury<\/div>        \n    \n    \t\n        \n      <\/div><\/div>\n<\/div>\n<div class=\"ue_grid_item\">\n  <div class=\"team_member_grid_header\">\n    <div class=\"team_member_grid_image\">\n     <div class=\"team_member_grid_image_container\">\n       <img loading=\"lazy\" decoding=\"async\" src=\"https:\/\/minaielaw.com\/wp-content\/uploads\/2025\/08\/Brandon-Tang-Esq.jpg\" alt=\"Brandon-Tang,-Esq.\"  src=\"https:\/\/minaielaw.com\/wp-content\/uploads\/2025\/08\/Brandon-Tang-Esq.jpg\" alt=\"Brandon-Tang,-Esq.\" width=\"1159\" height=\"1284\">\n       <div class=\"team_member_grid_image_overlay\">\n         \t\n         \t\n    \n                <\/div>\n     <\/div>\n    <\/div>\n    \t\n  \t\n    \n    \n    \n  <\/div>\n  \n  <div class=\"team_member_grid_content\">\n  <div class=\"team_member_grid_content_brd\">\n        \n    <div class=\"team_member_grid_title\"><a href=\"#\">Brandon Tang, Esq.<\/a><\/div>\t\n    <div class=\"team_member_grid_subtitle\">Workers\u2019 Compensation Attorney<\/div>        \n    \n    \t\n        \n      <\/div><\/div>\n<\/div>\n\n<\/div>\n<!-- end Team Member Grid -->\t\t\t\t<\/div>\n\t\t\t\t<\/div>\n\t\t\t\t<\/div>\n\t\t<div class=\"elementor-element elementor-element-361dcccd e-con-full e-flex e-con e-child\" data-id=\"361dcccd\" data-element_type=\"container\" data-e-type=\"container\">\n\t\t\t\t<div class=\"elementor-element elementor-element-687801ff elementor-align-center call-to-action-btn elementor-widget elementor-widget-button\" data-id=\"687801ff\" data-element_type=\"widget\" data-e-type=\"widget\" data-widget_type=\"button.default\">\n\t\t\t\t<div class=\"elementor-widget-container\">\n\t\t\t\t\t\t\t\t\t<div class=\"elementor-button-wrapper\">\n\t\t\t\t\t<a class=\"elementor-button elementor-button-link elementor-size-sm\" href=\"https:\/\/minaielaw.com\/es\/contactenos\/\">\n\t\t\t\t\t\t<span class=\"elementor-button-content-wrapper\">\n\t\t\t\t\t\t\t\t\t<span class=\"elementor-button-text\">CONT\u00c1CTENOS<\/span>\n\t\t\t\t\t<\/span>\n\t\t\t\t\t<\/a>\n\t\t\t\t<\/div>\n\t\t\t\t\t\t\t\t<\/div>\n\t\t\t\t<\/div>\n\t\t\t\t<\/div>\n\t\t\t\t\t<\/div>\n\t\t\t\t<\/div>\n\t\t\t\t<\/div>\n\t\t","protected":false},"excerpt":{"rendered":"<p>Conozca a Nuestros Abogados En Minaie Law Group, nuestros abogados de compensaci\u00f3n laboral del sur de California representan a cada cliente con pasi\u00f3n y dignidad. Tenga la seguridad de que no solo lucharemos por sus derechos, sino que tambi\u00e9n le proporcionaremos informaci\u00f3n honesta sobre lo que puede esperar durante todo el proceso con nuestros abogados [&hellip;]<\/p>\n","protected":false},"author":1,"featured_media":0,"parent":0,"menu_order":0,"comment_status":"closed","ping_status":"closed","template":"","meta":{"footnotes":""},"class_list":["post-1238","page","type-page","status-publish","hentry"],"yoast_head":"<!-- This site is optimized with the Yoast SEO plugin v27.4 - https:\/\/yoast.com\/product\/yoast-seo-wordpress\/ -->\n<title>Minaie Law Group | Workers&#039; Compensation Attorneys - Nuestro Equipo<\/title>\n<meta name=\"description\" content=\"At Minaie Law Group, our Southern California workers\u2019 compensation attorneys represent each and every client with passion and dignity.\" \/>\n<meta name=\"robots\" content=\"index, follow, max-snippet:-1, max-image-preview:large, max-video-preview:-1\" \/>\n<link rel=\"canonical\" href=\"https:\/\/minaielaw.com\/es\/nuestro-equipo\/\" \/>\n<meta property=\"og:locale\" content=\"es_ES\" \/>\n<meta property=\"og:type\" content=\"article\" \/>\n<meta property=\"og:title\" content=\"Minaie Law Group | Workers&#039; Compensation Attorneys - Nuestro Equipo\" \/>\n<meta property=\"og:description\" content=\"At Minaie Law Group, our Southern California workers\u2019 compensation attorneys represent each and every client with passion and dignity.\" \/>\n<meta property=\"og:url\" content=\"https:\/\/minaielaw.com\/es\/nuestro-equipo\/\" \/>\n<meta property=\"og:site_name\" content=\"Workers Compensation Attorneys | Minaie Law Group | Personal Injury Attorneys | Southern California\" \/>\n<meta property=\"article:modified_time\" content=\"2025-08-18T05:53:14+00:00\" \/>\n<meta property=\"og:image\" content=\"https:\/\/minaielaw.com\/wp-content\/uploads\/2023\/11\/Ashkan-Minaie-Thumb.jpg\" \/>\n<meta name=\"twitter:card\" content=\"summary_large_image\" \/>\n<meta name=\"twitter:label1\" content=\"Tiempo de lectura\" \/>\n\t<meta name=\"twitter:data1\" content=\"2 minutos\" \/>\n<script type=\"application\/ld+json\" class=\"yoast-schema-graph\">{\"@context\":\"https:\\\/\\\/schema.org\",\"@graph\":[{\"@type\":\"WebPage\",\"@id\":\"https:\\\/\\\/minaielaw.com\\\/es\\\/nuestro-equipo\\\/\",\"url\":\"https:\\\/\\\/minaielaw.com\\\/es\\\/nuestro-equipo\\\/\",\"name\":\"Minaie Law Group | Workers' Compensation Attorneys - Nuestro Equipo\",\"isPartOf\":{\"@id\":\"https:\\\/\\\/minaielaw.com\\\/es\\\/#website\"},\"primaryImageOfPage\":{\"@id\":\"https:\\\/\\\/minaielaw.com\\\/es\\\/nuestro-equipo\\\/#primaryimage\"},\"image\":{\"@id\":\"https:\\\/\\\/minaielaw.com\\\/es\\\/nuestro-equipo\\\/#primaryimage\"},\"thumbnailUrl\":\"https:\\\/\\\/minaielaw.com\\\/wp-content\\\/uploads\\\/2023\\\/11\\\/Ashkan-Minaie-Thumb.jpg\",\"datePublished\":\"2023-11-07T13:21:01+00:00\",\"dateModified\":\"2025-08-18T05:53:14+00:00\",\"description\":\"At Minaie Law Group, our Southern California workers\u2019 compensation attorneys represent each and every client with passion and dignity.\",\"breadcrumb\":{\"@id\":\"https:\\\/\\\/minaielaw.com\\\/es\\\/nuestro-equipo\\\/#breadcrumb\"},\"inLanguage\":\"es\",\"potentialAction\":[{\"@type\":\"ReadAction\",\"target\":[\"https:\\\/\\\/minaielaw.com\\\/es\\\/nuestro-equipo\\\/\"]}]},{\"@type\":\"ImageObject\",\"inLanguage\":\"es\",\"@id\":\"https:\\\/\\\/minaielaw.com\\\/es\\\/nuestro-equipo\\\/#primaryimage\",\"url\":\"https:\\\/\\\/minaielaw.com\\\/wp-content\\\/uploads\\\/2023\\\/11\\\/Ashkan-Minaie-Thumb.jpg\",\"contentUrl\":\"https:\\\/\\\/minaielaw.com\\\/wp-content\\\/uploads\\\/2023\\\/11\\\/Ashkan-Minaie-Thumb.jpg\"},{\"@type\":\"BreadcrumbList\",\"@id\":\"https:\\\/\\\/minaielaw.com\\\/es\\\/nuestro-equipo\\\/#breadcrumb\",\"itemListElement\":[{\"@type\":\"ListItem\",\"position\":1,\"name\":\"Home\",\"item\":\"https:\\\/\\\/minaielaw.com\\\/es\\\/\"},{\"@type\":\"ListItem\",\"position\":2,\"name\":\"Nuestro Equipo\"}]},{\"@type\":\"WebSite\",\"@id\":\"https:\\\/\\\/minaielaw.com\\\/es\\\/#website\",\"url\":\"https:\\\/\\\/minaielaw.com\\\/es\\\/\",\"name\":\"Workers Compensation Attorneys | Minaie Law Group | Personal Injury Attorneys | Southern California\",\"description\":\"\",\"publisher\":{\"@id\":\"https:\\\/\\\/minaielaw.com\\\/es\\\/#organization\"},\"potentialAction\":[{\"@type\":\"SearchAction\",\"target\":{\"@type\":\"EntryPoint\",\"urlTemplate\":\"https:\\\/\\\/minaielaw.com\\\/es\\\/?s={search_term_string}\"},\"query-input\":{\"@type\":\"PropertyValueSpecification\",\"valueRequired\":true,\"valueName\":\"search_term_string\"}}],\"inLanguage\":\"es\"},{\"@type\":\"Organization\",\"@id\":\"https:\\\/\\\/minaielaw.com\\\/es\\\/#organization\",\"name\":\"Workers Compensation Attorneys | Minaie Law Group | Personal Injury Attorneys | Southern California\",\"url\":\"https:\\\/\\\/minaielaw.com\\\/es\\\/\",\"logo\":{\"@type\":\"ImageObject\",\"inLanguage\":\"es\",\"@id\":\"https:\\\/\\\/minaielaw.com\\\/es\\\/#\\\/schema\\\/logo\\\/image\\\/\",\"url\":\"https:\\\/\\\/minaielaw.com\\\/wp-content\\\/uploads\\\/2023\\\/11\\\/Minaie-Law-Logo.png\",\"contentUrl\":\"https:\\\/\\\/minaielaw.com\\\/wp-content\\\/uploads\\\/2023\\\/11\\\/Minaie-Law-Logo.png\",\"width\":1000,\"height\":183,\"caption\":\"Workers Compensation Attorneys | Minaie Law Group | Personal Injury Attorneys | Southern California\"},\"image\":{\"@id\":\"https:\\\/\\\/minaielaw.com\\\/es\\\/#\\\/schema\\\/logo\\\/image\\\/\"}}]}<\/script>\n<!-- \/ Yoast SEO plugin. -->","yoast_head_json":{"title":"Minaie Law Group | Workers' Compensation Attorneys - Nuestro Equipo","description":"At Minaie Law Group, our Southern California workers\u2019 compensation attorneys represent each and every client with passion and dignity.","robots":{"index":"index","follow":"follow","max-snippet":"max-snippet:-1","max-image-preview":"max-image-preview:large","max-video-preview":"max-video-preview:-1"},"canonical":"https:\/\/minaielaw.com\/es\/nuestro-equipo\/","og_locale":"es_ES","og_type":"article","og_title":"Minaie Law Group | Workers' Compensation Attorneys - Nuestro Equipo","og_description":"At Minaie Law Group, our Southern California workers\u2019 compensation attorneys represent each and every client with passion and dignity.","og_url":"https:\/\/minaielaw.com\/es\/nuestro-equipo\/","og_site_name":"Workers Compensation Attorneys | Minaie Law Group | Personal Injury Attorneys | Southern California","article_modified_time":"2025-08-18T05:53:14+00:00","og_image":[{"url":"https:\/\/minaielaw.com\/wp-content\/uploads\/2023\/11\/Ashkan-Minaie-Thumb.jpg","type":"","width":"","height":""}],"twitter_card":"summary_large_image","twitter_misc":{"Tiempo de lectura":"2 minutos"},"schema":{"@context":"https:\/\/schema.org","@graph":[{"@type":"WebPage","@id":"https:\/\/minaielaw.com\/es\/nuestro-equipo\/","url":"https:\/\/minaielaw.com\/es\/nuestro-equipo\/","name":"Minaie Law Group | Workers' Compensation Attorneys - Nuestro Equipo","isPartOf":{"@id":"https:\/\/minaielaw.com\/es\/#website"},"primaryImageOfPage":{"@id":"https:\/\/minaielaw.com\/es\/nuestro-equipo\/#primaryimage"},"image":{"@id":"https:\/\/minaielaw.com\/es\/nuestro-equipo\/#primaryimage"},"thumbnailUrl":"https:\/\/minaielaw.com\/wp-content\/uploads\/2023\/11\/Ashkan-Minaie-Thumb.jpg","datePublished":"2023-11-07T13:21:01+00:00","dateModified":"2025-08-18T05:53:14+00:00","description":"At Minaie Law Group, our Southern California workers\u2019 compensation attorneys represent each and every client with passion and dignity.","breadcrumb":{"@id":"https:\/\/minaielaw.com\/es\/nuestro-equipo\/#breadcrumb"},"inLanguage":"es","potentialAction":[{"@type":"ReadAction","target":["https:\/\/minaielaw.com\/es\/nuestro-equipo\/"]}]},{"@type":"ImageObject","inLanguage":"es","@id":"https:\/\/minaielaw.com\/es\/nuestro-equipo\/#primaryimage","url":"https:\/\/minaielaw.com\/wp-content\/uploads\/2023\/11\/Ashkan-Minaie-Thumb.jpg","contentUrl":"https:\/\/minaielaw.com\/wp-content\/uploads\/2023\/11\/Ashkan-Minaie-Thumb.jpg"},{"@type":"BreadcrumbList","@id":"https:\/\/minaielaw.com\/es\/nuestro-equipo\/#breadcrumb","itemListElement":[{"@type":"ListItem","position":1,"name":"Home","item":"https:\/\/minaielaw.com\/es\/"},{"@type":"ListItem","position":2,"name":"Nuestro Equipo"}]},{"@type":"WebSite","@id":"https:\/\/minaielaw.com\/es\/#website","url":"https:\/\/minaielaw.com\/es\/","name":"Workers Compensation Attorneys | Minaie Law Group | Personal Injury Attorneys | Southern California","description":"","publisher":{"@id":"https:\/\/minaielaw.com\/es\/#organization"},"potentialAction":[{"@type":"SearchAction","target":{"@type":"EntryPoint","urlTemplate":"https:\/\/minaielaw.com\/es\/?s={search_term_string}"},"query-input":{"@type":"PropertyValueSpecification","valueRequired":true,"valueName":"search_term_string"}}],"inLanguage":"es"},{"@type":"Organization","@id":"https:\/\/minaielaw.com\/es\/#organization","name":"Workers Compensation Attorneys | Minaie Law Group | Personal Injury Attorneys | Southern California","url":"https:\/\/minaielaw.com\/es\/","logo":{"@type":"ImageObject","inLanguage":"es","@id":"https:\/\/minaielaw.com\/es\/#\/schema\/logo\/image\/","url":"https:\/\/minaielaw.com\/wp-content\/uploads\/2023\/11\/Minaie-Law-Logo.png","contentUrl":"https:\/\/minaielaw.com\/wp-content\/uploads\/2023\/11\/Minaie-Law-Logo.png","width":1000,"height":183,"caption":"Workers Compensation Attorneys | Minaie Law Group | Personal Injury Attorneys | Southern California"},"image":{"@id":"https:\/\/minaielaw.com\/es\/#\/schema\/logo\/image\/"}}]}},"_links":{"self":[{"href":"https:\/\/minaielaw.com\/es\/wp-json\/wp\/v2\/pages\/1238","targetHints":{"allow":["GET"]}}],"collection":[{"href":"https:\/\/minaielaw.com\/es\/wp-json\/wp\/v2\/pages"}],"about":[{"href":"https:\/\/minaielaw.com\/es\/wp-json\/wp\/v2\/types\/page"}],"author":[{"embeddable":true,"href":"https:\/\/minaielaw.com\/es\/wp-json\/wp\/v2\/users\/1"}],"replies":[{"embeddable":true,"href":"https:\/\/minaielaw.com\/es\/wp-json\/wp\/v2\/comments?post=1238"}],"version-history":[{"count":0,"href":"https:\/\/minaielaw.com\/es\/wp-json\/wp\/v2\/pages\/1238\/revisions"}],"wp:attachment":[{"href":"https:\/\/minaielaw.com\/es\/wp-json\/wp\/v2\/media?parent=1238"}],"curies":[{"name":"wp","href":"https:\/\/api.w.org\/{rel}","templated":true}]}}